{"id":198,"date":"2025-10-16T15:24:33","date_gmt":"2025-10-16T15:24:33","guid":{"rendered":"https:\/\/fiproject.hr\/?page_id=198"},"modified":"2025-10-16T15:29:21","modified_gmt":"2025-10-16T15:29:21","slug":"o-nama","status":"publish","type":"page","link":"https:\/\/fiproject.hr\/index.php\/o-nama\/","title":{"rendered":"O NAMA"},"content":{"rendered":"\n<div class=\"wp-block-group alignfull has-base-color has-text-color has-background has-global-padding is-content-justification-center is-layout-constrained wp-container-core-group-is-layout-a21e1301 wp-block-group-is-layout-constrained\" style=\"background-color:#7fd1b9;margin-top:0;margin-bottom:0;padding-top:var(--wp--preset--spacing--20);padding-right:0;padding-bottom:var(--wp--preset--spacing--20);padding-left:0\">\n<div style=\"height:var(--wp--preset--spacing--20)\" aria-hidden=\"true\" class=\"wp-block-spacer\"><\/div>\n<\/div>\n\n\n\n<div class=\"wp-block-group has-global-padding is-layout-constrained wp-container-core-group-is-layout-0d683d8b wp-block-group-is-layout-constrained\" style=\"padding-top:var(--wp--preset--spacing--30);padding-bottom:var(--wp--preset--spacing--30)\">\n<div class=\"wp-block-group is-vertical is-content-justification-center is-layout-flex wp-container-core-group-is-layout-ce155fab wp-block-group-is-layout-flex\">\n<div style=\"height:0px\" aria-hidden=\"true\" class=\"wp-block-spacer wp-container-content-62aae154\"><\/div>\n<\/div>\n\n\n\n<div class=\"wp-block-group is-vertical is-content-justification-center is-layout-flex wp-container-core-group-is-layout-ce155fab wp-block-group-is-layout-flex\">\n<p class=\"has-medium-font-size wp-container-content-16d1eb73\">FI project j.d.o.o. je projektantski ured koji se bavi projektiranjem konstrukcija, stru\u010dnim nadzorom gra\u0111enja, izradom tehni\u010dke dokumentacije, energetskim pregledima i certifikatima te postupcima legalizacije objekata. <\/p>\n\n\n\n<p class=\"has-medium-font-size wp-container-content-62aae154\">Tvrtku vodi dipl. ing. gra\u0111evinarstva Filip Mihi\u0107, ovla\u0161teni in\u017eenjer s vi\u0161egodi\u0161njim iskustvom u prora\u010dunima aluminijskih, betonskih, \u010deli\u010dnih, spregnutih, zidanih i drvenih konstrukcija. Svaki projekt provodimo s naglaskom na sigurnost, ekonomi\u010dnost i izvedivost.<\/p>\n\n\n\n<p class=\"has-medium-font-size wp-container-content-62aae154\">Dokumentaciju pripremamo jasno i pregledno te odr\u017eavamo brzu i pouzdanu komunikaciju s klijentima. Cilj nam je suradnja temeljena na povjerenju, stru\u010dnoj odgovornosti i po\u0161tivanju dogovorenih rokova. Ako trebate precizan i odgovoran pristup projektiranju, nadzoru ili energetskim ispitivanjima, kontaktirajte nas.<\/p>\n<\/div>\n<\/div>\n\n\n\n<div style=\"height:var(--wp--preset--spacing--20)\" aria-hidden=\"true\" class=\"wp-block-spacer\"><\/div>\n\n\n\n<div class=\"wp-block-group alignfull has-base-color has-text-color has-background has-global-padding is-content-justification-center is-layout-constrained wp-container-core-group-is-layout-a21e1301 wp-block-group-is-layout-constrained\" style=\"background-color:#7fd1b9;margin-top:0;margin-bottom:0;padding-top:var(--wp--preset--spacing--20);padding-right:0;padding-bottom:var(--wp--preset--spacing--20);padding-left:0\">\n<div style=\"height:var(--wp--preset--spacing--20)\" aria-hidden=\"true\" class=\"wp-block-spacer\"><\/div>\n<\/div>\n","protected":false},"excerpt":{"rendered":"<p>FI project j.d.o.o. je projektantski ured koji se bavi projektiranjem konstrukcija, stru\u010dnim nadzorom gra\u0111enja, izradom tehni\u010dke dokumentacije, energetskim pregledima i certifikatima te postupcima legalizacije objekata. Tvrtku vodi dipl. ing. gra\u0111evinarstva Filip Mihi\u0107, ovla\u0161teni in\u017eenjer s vi\u0161egodi\u0161njim iskustvom u prora\u010dunima aluminijskih, betonskih, \u010deli\u010dnih, spregnutih, zidanih i drvenih konstrukcija. Svaki projekt provodimo s naglaskom na sigurnost, ekonomi\u010dnost [&hellip;]<\/p>\n","protected":false},"author":1,"featured_media":0,"parent":0,"menu_order":0,"comment_status":"closed","ping_status":"closed","template":"","meta":{"footnotes":""},"class_list":["post-198","page","type-page","status-publish","hentry"],"jetpack_sharing_enabled":true,"_links":{"self":[{"href":"https:\/\/fiproject.hr\/index.php\/wp-json\/wp\/v2\/pages\/198","targetHints":{"allow":["GET"]}}],"collection":[{"href":"https:\/\/fiproject.hr\/index.php\/wp-json\/wp\/v2\/pages"}],"about":[{"href":"https:\/\/fiproject.hr\/index.php\/wp-json\/wp\/v2\/types\/page"}],"author":[{"embeddable":true,"href":"https:\/\/fiproject.hr\/index.php\/wp-json\/wp\/v2\/users\/1"}],"replies":[{"embeddable":true,"href":"https:\/\/fiproject.hr\/index.php\/wp-json\/wp\/v2\/comments?post=198"}],"version-history":[{"count":5,"href":"https:\/\/fiproject.hr\/index.php\/wp-json\/wp\/v2\/pages\/198\/revisions"}],"predecessor-version":[{"id":211,"href":"https:\/\/fiproject.hr\/index.php\/wp-json\/wp\/v2\/pages\/198\/revisions\/211"}],"wp:attachment":[{"href":"https:\/\/fiproject.hr\/index.php\/wp-json\/wp\/v2\/media?parent=198"}],"curies":[{"name":"wp","href":"https:\/\/api.w.org\/{rel}","templated":true}]}}